{"id":2,"date":"2018-04-09T18:22:27","date_gmt":"2018-04-09T18:22:27","guid":{"rendered":"http:\/\/ffbenefits.ffga.com\/waxahachieisd\/?page_id=2"},"modified":"2025-09-02T16:21:17","modified_gmt":"2025-09-02T16:21:17","slug":"home","status":"publish","type":"page","link":"https:\/\/ffbenefits.ffga.com\/waxahachieisd\/","title":{"rendered":"Home"},"content":{"rendered":"\n<style type=\"text\/css\" data-created_by=\"avia_inline_auto\" id=\"style-css-av-jwtm68ol-f32e76ac8f8e486e24e65250333eee2d\">\n.avia-section.av-jwtm68ol-f32e76ac8f8e486e24e65250333eee2d{\nbackground-color:#ffffff;\nbackground-image:unset;\n}\n.avia-section.av-jwtm68ol-f32e76ac8f8e486e24e65250333eee2d .av-extra-border-element .av-extra-border-inner{\nbackground-color:#ffffff;\n}\n<\/style>\n<div id='av_section_1'  class='avia-section av-jwtm68ol-f32e76ac8f8e486e24e65250333eee2d main_color avia-section-large avia-no-border-styling  avia-builder-el-0  el_before_av_hr  avia-builder-el-first  avia-bg-style-fixed container_wrap sidebar_right'  ><div class='container av-section-cont-open' ><main  role=\"main\" itemprop=\"mainContentOfPage\"  class='template-page content  av-content-small alpha units'><div class='post-entry post-entry-type-page post-entry-2'><div class='entry-content-wrapper clearfix'>\n\n<style type=\"text\/css\" data-created_by=\"avia_inline_auto\" id=\"style-css-av-djau-47ff5213fa0299586108d961226db668\">\n.flex_column.av-djau-47ff5213fa0299586108d961226db668{\n-webkit-border-radius:0px 0px 0px 0px;\n-moz-border-radius:0px 0px 0px 0px;\nborder-radius:0px 0px 0px 0px;\npadding:0px 0px 0px 0px;\n}\n<\/style>\n<div class='flex_column av-djau-47ff5213fa0299586108d961226db668 av_one_half  avia-builder-el-1  el_before_av_one_half  avia-builder-el-first  first flex_column_div av-zero-column-padding '     ><style type=\"text\/css\" data-created_by=\"avia_inline_auto\" id=\"style-css-av-jwtmie68-76014442a96a5c31a75d2c3be772c535\">\n.avia-image-container.av-jwtmie68-76014442a96a5c31a75d2c3be772c535 img.avia_image{\nbox-shadow:none;\n}\n.avia-image-container.av-jwtmie68-76014442a96a5c31a75d2c3be772c535 .av-image-caption-overlay-center{\ncolor:#ffffff;\n}\n<\/style>\n<div  class='avia-image-container av-jwtmie68-76014442a96a5c31a75d2c3be772c535 av-styling- avia_animated_image av-animated-when-visible-95 left-to-right avia-align-left  avia-builder-el-2  avia-builder-el-no-sibling '   itemprop=\"image\" itemscope=\"itemscope\" itemtype=\"https:\/\/schema.org\/ImageObject\" ><div class=\"avia-image-container-inner\"><div class=\"avia-image-overlay-wrap\"><img decoding=\"async\" class='wp-image-3241 avia-img-lazy-loading-not-3241 avia_image ' src=\"\/wp-content\/uploads\/sites\/45\/2021\/05\/waxhomepageimage.png\" alt='Lady at laptop' title='waxhomepageimage'  height=\"657\" width=\"833\"  itemprop=\"thumbnailUrl\" srcset=\"\/wp-content\/uploads\/sites\/45\/2021\/05\/waxhomepageimage.png 833w, \/wp-content\/uploads\/sites\/45\/2021\/05\/waxhomepageimage-300x237.png 300w, \/wp-content\/uploads\/sites\/45\/2021\/05\/waxhomepageimage-768x606.png 768w, \/wp-content\/uploads\/sites\/45\/2021\/05\/waxhomepageimage-705x556.png 705w\" sizes=\"(max-width: 833px) 100vw, 833px\" \/><\/div><\/div><\/div><\/div>\n<style type=\"text\/css\" data-created_by=\"avia_inline_auto\" id=\"style-css-av-lvxm-358a5da8c74a3ba7f08090b35c5278f8\">\n.flex_column.av-lvxm-358a5da8c74a3ba7f08090b35c5278f8{\n-webkit-border-radius:0px 0px 0px 0px;\n-moz-border-radius:0px 0px 0px 0px;\nborder-radius:0px 0px 0px 0px;\npadding:0px 0px 0px 0px;\n}\n<\/style>\n<div class='flex_column av-lvxm-358a5da8c74a3ba7f08090b35c5278f8 av_one_half  avia-builder-el-3  el_after_av_one_half  avia-builder-el-last  flex_column_div av-zero-column-padding '     ><p>\n<style type=\"text\/css\" data-created_by=\"avia_inline_auto\" id=\"style-css-av-2z6e-ba8430ca6c389ff06f6d3c2a5b8811d5\">\n#top .av-special-heading.av-2z6e-ba8430ca6c389ff06f6d3c2a5b8811d5{\npadding-bottom:10px;\ncolor:#000000;\n}\nbody .av-special-heading.av-2z6e-ba8430ca6c389ff06f6d3c2a5b8811d5 .av-special-heading-tag .heading-char{\nfont-size:25px;\n}\n.av-special-heading.av-2z6e-ba8430ca6c389ff06f6d3c2a5b8811d5 .special-heading-inner-border{\nborder-color:#000000;\n}\n.av-special-heading.av-2z6e-ba8430ca6c389ff06f6d3c2a5b8811d5 .av-subheading{\nfont-size:15px;\n}\n<\/style>\n<div  class='av-special-heading av-2z6e-ba8430ca6c389ff06f6d3c2a5b8811d5 av-special-heading-h1 custom-color-heading blockquote modern-quote  avia-builder-el-4  el_before_av_hr  avia-builder-el-first  av-linked-heading'><h1 class='av-special-heading-tag'  itemprop=\"headline\"  >Waxahachie ISD\u2019s Employee Benefits Center<\/h1><div class='av_custom_color av-subheading av-subheading_below'><p><em>Your benefits guide<\/em><\/p>\n<\/div><div class=\"special-heading-border\"><div class=\"special-heading-inner-border\"><\/div><\/div><\/div><br \/>\n\n<style type=\"text\/css\" data-created_by=\"avia_inline_auto\" id=\"style-css-av-jwtmxk6x-afb4a07befed6d3dfe6fc1d41061f350\">\n#top .hr.av-jwtmxk6x-afb4a07befed6d3dfe6fc1d41061f350{\nmargin-top:30px;\nmargin-bottom:30px;\n}\n.hr.av-jwtmxk6x-afb4a07befed6d3dfe6fc1d41061f350 .hr-inner{\nwidth:45%;\nmax-width:45%;\n}\n<\/style>\n<div  class='hr av-jwtmxk6x-afb4a07befed6d3dfe6fc1d41061f350 hr-custom  avia-builder-el-5  el_after_av_heading  el_before_av_textblock  hr-center hr-icon-yes'><span class='hr-inner inner-border-av-border-fat'><span class=\"hr-inner-style\"><\/span><\/span><span class='av-seperator-icon' aria-hidden='true' data-av_icon='\ue898' data-av_iconfont='entypo-fontello'><\/span><span class='hr-inner inner-border-av-border-fat'><span class=\"hr-inner-style\"><\/span><\/span><\/div><br \/>\n<section  class='av_textblock_section av-49e0-5bdbc1b7d8255808a1766f02a3e75567'  itemscope=\"itemscope\" itemtype=\"https:\/\/schema.org\/CreativeWork\" ><div class='avia_textblock'  itemprop=\"text\" ><h2>Welcome!<\/h2>\n<p><strong>Bienvenido a su Centro de Beneficios para Empleados. Para ver esta p\u00e1gina en espa\u00f1ol, haga clic en el bot\u00f3n en la esquina inferior a la derecha de la p\u00e1gina.<\/strong><\/p>\n<p>We are pleased to provide eligible employees a competitive benefits package that includes both district-paid and voluntary products. We have worked closely with First Financial (FFGA) to provide you with a variety of benefits and resources to help you reach your healthcare and retirement needs. Details of all available benefits can be found on this website. Be sure to read the product descriptions carefully so you are well prepared before enrollment begins. If you have questions, feel free to reach out to your First Financial Account Representative!<\/p>\n<\/div><\/section><\/p><\/div>\n<\/div><\/div><\/main><!-- close content main element --><\/div><div class='av-extra-border-element border-extra-diagonal  diagonal-box-shadow'><div class='av-extra-border-outer'><div class='av-extra-border-inner'><\/div><\/div><\/div><\/div><div id='after_section_1'  class='main_color av_default_container_wrap container_wrap sidebar_right'  ><div class='container av-section-cont-open' ><div class='template-page content  av-content-small alpha units'><div class='post-entry post-entry-type-page post-entry-2'><div class='entry-content-wrapper clearfix'>\n\n<style type=\"text\/css\" data-created_by=\"avia_inline_auto\" id=\"style-css-av-jwtmxk6x-3-d5a1f40f6c8809d0d436e6aad3d961ca\">\n#top .hr.av-jwtmxk6x-3-d5a1f40f6c8809d0d436e6aad3d961ca{\nmargin-top:30px;\nmargin-bottom:30px;\n}\n.hr.av-jwtmxk6x-3-d5a1f40f6c8809d0d436e6aad3d961ca .hr-inner{\nwidth:45%;\nmax-width:45%;\n}\n<\/style>\n<div  class='hr av-jwtmxk6x-3-d5a1f40f6c8809d0d436e6aad3d961ca hr-custom  avia-builder-el-7  el_after_av_section  el_before_av_one_third  avia-builder-el-first  hr-center hr-icon-yes'><span class='hr-inner inner-border-av-border-fat'><span class=\"hr-inner-style\"><\/span><\/span><span class='av-seperator-icon' aria-hidden='true' data-av_icon='\ue898' data-av_iconfont='entypo-fontello'><\/span><span class='hr-inner inner-border-av-border-fat'><span class=\"hr-inner-style\"><\/span><\/span><\/div>\n\n<style type=\"text\/css\" data-created_by=\"avia_inline_auto\" id=\"style-css-av-77qm-0858430f69f0199f9dc629209279f771\">\n.flex_column.av-77qm-0858430f69f0199f9dc629209279f771{\n-webkit-border-radius:0px 0px 0px 0px;\n-moz-border-radius:0px 0px 0px 0px;\nborder-radius:0px 0px 0px 0px;\npadding:0px 0px 0px 0px;\n}\n<\/style>\n<div class='flex_column av-77qm-0858430f69f0199f9dc629209279f771 av_one_third  avia-builder-el-8  el_after_av_hr  el_before_av_one_third  first flex_column_div av-zero-column-padding '     ><style type=\"text\/css\" data-created_by=\"avia_inline_auto\" id=\"style-css-av-1ayxy-9b56924227af77bb246e6a32e45523df\">\n.iconbox.av-1ayxy-9b56924227af77bb246e6a32e45523df .iconbox_icon{\nbackground-color:#295b26;\n}\n<\/style>\n<article  class='iconbox iconbox_top av-1ayxy-9b56924227af77bb246e6a32e45523df  avia-builder-el-9  avia-builder-el-no-sibling  main_color'  itemscope=\"itemscope\" itemtype=\"https:\/\/schema.org\/CreativeWork\" ><div class=\"iconbox_content\"><header class=\"entry-content-header\"><div class=\"iconbox_icon heading-color\" aria-hidden='true' data-av_icon='\ue863' data-av_iconfont='entypo-fontello'><\/div><h3 class='iconbox_content_title '  itemprop=\"headline\" >New Hires<\/h3><\/header><div class='iconbox_content_container '  itemprop=\"text\" ><p>You have 31 days from your actively-at-work date to make benefit elections.<\/p>\n<\/div><\/div><footer class=\"entry-footer\"><\/footer><\/article><\/div>\n\n<style type=\"text\/css\" data-created_by=\"avia_inline_auto\" id=\"style-css-av-53oa-9b1295a6e90412ca677c39647cf67d48\">\n.flex_column.av-53oa-9b1295a6e90412ca677c39647cf67d48{\n-webkit-border-radius:0px 0px 0px 0px;\n-moz-border-radius:0px 0px 0px 0px;\nborder-radius:0px 0px 0px 0px;\npadding:0px 0px 0px 0px;\n}\n<\/style>\n<div class='flex_column av-53oa-9b1295a6e90412ca677c39647cf67d48 av_one_third  avia-builder-el-10  el_after_av_one_third  el_before_av_one_third  flex_column_div av-zero-column-padding '     ><style type=\"text\/css\" data-created_by=\"avia_inline_auto\" id=\"style-css-av-1ayxy-2-288b126d126993c039c1939641cd0112\">\n.iconbox.av-1ayxy-2-288b126d126993c039c1939641cd0112 .iconbox_icon{\nbackground-color:#295b26;\n}\n<\/style>\n<article  class='iconbox iconbox_top av-1ayxy-2-288b126d126993c039c1939641cd0112  avia-builder-el-11  avia-builder-el-no-sibling  main_color'  itemscope=\"itemscope\" itemtype=\"https:\/\/schema.org\/CreativeWork\" ><div class=\"iconbox_content\"><header class=\"entry-content-header\"><a href='https:\/\/ffbenefits.ffga.com\/waxahachieisd\/2025-26-plan-year\/' title='Open Enrollment'  class=\"iconbox_icon heading-color\" aria-hidden='true' data-av_icon='\ue84e' data-av_iconfont='entypo-fontello'><\/a><h3 class='iconbox_content_title '  itemprop=\"headline\" ><a href='https:\/\/ffbenefits.ffga.com\/waxahachieisd\/2025-26-plan-year\/' title='Open Enrollment' >Open Enrollment<\/a><\/h3><\/header><div class='iconbox_content_container '  itemprop=\"text\" ><p>Open enrollment for the 2025-26 plan year is closed.<\/p>\n<\/div><\/div><footer class=\"entry-footer\"><\/footer><\/article><\/div>\n<style type=\"text\/css\" data-created_by=\"avia_inline_auto\" id=\"style-css-av-3wd4-e311b10837ba34bdb90d01f5f97d575e\">\n.flex_column.av-3wd4-e311b10837ba34bdb90d01f5f97d575e{\n-webkit-border-radius:0px 0px 0px 0px;\n-moz-border-radius:0px 0px 0px 0px;\nborder-radius:0px 0px 0px 0px;\npadding:0px 0px 0px 0px;\n}\n<\/style>\n<div class='flex_column av-3wd4-e311b10837ba34bdb90d01f5f97d575e av_one_third  avia-builder-el-12  el_after_av_one_third  el_before_av_hr  flex_column_div av-zero-column-padding '     ><style type=\"text\/css\" data-created_by=\"avia_inline_auto\" id=\"style-css-av-1ayxy-1-1054b8b2075efe794ab685eafe5b78d3\">\n.iconbox.av-1ayxy-1-1054b8b2075efe794ab685eafe5b78d3 .iconbox_icon{\nbackground-color:#295b26;\n}\n<\/style>\n<article  class='iconbox iconbox_top av-1ayxy-1-1054b8b2075efe794ab685eafe5b78d3  avia-builder-el-13  avia-builder-el-no-sibling  main_color'  itemscope=\"itemscope\" itemtype=\"https:\/\/schema.org\/CreativeWork\" ><div class=\"iconbox_content\"><header class=\"entry-content-header\"><div class=\"iconbox_icon heading-color\" aria-hidden='true' data-av_icon='\ue84b' data-av_iconfont='entypo-fontello'><\/div><h3 class='iconbox_content_title '  itemprop=\"headline\" >Mid-Year Benefit Changes<\/h3><\/header><div class='iconbox_content_container '  itemprop=\"text\" ><p>You may add or cancel coverage during the plan year if you have a change in family status. You must notify the benefits department within 31 days of the change.<\/p>\n<\/div><\/div><footer class=\"entry-footer\"><\/footer><\/article><\/div><\/p>\n<div  class='hr av-2vue-905d07f4dc0c9e41fbe59bfb83f3ff46 hr-default  avia-builder-el-14  el_after_av_one_third  el_before_av_textblock '><span class='hr-inner '><span class=\"hr-inner-style\"><\/span><\/span><\/div>\n<section  class='av_textblock_section av-476u-dfdb2a7dc42e211cc29b6f15c7852582'  itemscope=\"itemscope\" itemtype=\"https:\/\/schema.org\/CreativeWork\" ><div class='avia_textblock'  itemprop=\"text\" ><p><em class=\"ADAgray\">This site contains a summary of the benefits offered by your employer. If there is a conflict between the terms of this outline of benefits and the actual contracts, the terms of the contracts will prevail.<\/em><\/p>\n<\/div><\/section>\n","protected":false},"excerpt":{"rendered":"","protected":false},"author":1,"featured_media":0,"parent":0,"menu_order":0,"comment_status":"closed","ping_status":"closed","template":"","meta":{"footnotes":""},"class_list":["post-2","page","type-page","status-publish","hentry"],"_links":{"self":[{"href":"https:\/\/ffbenefits.ffga.com\/waxahachieisd\/wp-json\/wp\/v2\/pages\/2","targetHints":{"allow":["GET"]}}],"collection":[{"href":"https:\/\/ffbenefits.ffga.com\/waxahachieisd\/wp-json\/wp\/v2\/pages"}],"about":[{"href":"https:\/\/ffbenefits.ffga.com\/waxahachieisd\/wp-json\/wp\/v2\/types\/page"}],"author":[{"embeddable":true,"href":"https:\/\/ffbenefits.ffga.com\/waxahachieisd\/wp-json\/wp\/v2\/users\/1"}],"replies":[{"embeddable":true,"href":"https:\/\/ffbenefits.ffga.com\/waxahachieisd\/wp-json\/wp\/v2\/comments?post=2"}],"version-history":[{"count":182,"href":"https:\/\/ffbenefits.ffga.com\/waxahachieisd\/wp-json\/wp\/v2\/pages\/2\/revisions"}],"predecessor-version":[{"id":3772,"href":"https:\/\/ffbenefits.ffga.com\/waxahachieisd\/wp-json\/wp\/v2\/pages\/2\/revisions\/3772"}],"wp:attachment":[{"href":"https:\/\/ffbenefits.ffga.com\/waxahachieisd\/wp-json\/wp\/v2\/media?parent=2"}],"curies":[{"name":"wp","href":"https:\/\/api.w.org\/{rel}","templated":true}]}}